{"id":38199,"date":"2025-04-03T11:05:21","date_gmt":"2025-04-03T11:05:21","guid":{"rendered":"https:\/\/jovagro.pt\/?post_type=product&#038;p=38199"},"modified":"2025-04-07T13:46:59","modified_gmt":"2025-04-07T13:46:59","slug":"fitobact","status":"publish","type":"product","link":"https:\/\/jovagro.pt\/en\/shop\/inovabio\/bioprotetores-organicos\/fitobact\/","title":{"rendered":"Fitobact\u00ae"},"content":{"rendered":"<style type=\"text\/css\"> \n#cmsms_row_69e24d12e20e0 .cmsms_row_outer_parent { \n\tpadding-top: 0px; \n} \n\n#cmsms_row_69e24d12e20e0 .cmsms_row_outer_parent { \n\tpadding-bottom: 50px; \n} \n\n<\/style><div id=\"cmsms_row_69e24d12e20e0\" class=\"cmsms_row cmsms_color_scheme_default\">\n<div class=\"cmsms_row_outer_parent\">\n<div class=\"cmsms_row_outer\">\n<div class=\"cmsms_row_inner\">\n<div class=\"cmsms_row_margin\">\n<div class=\"cmsms_column one_first\">\n<div class=\"cmsms_text\">\n<p><em>Bacillus Subtilis<\/em><\/p>\n<\/div>\n<\/div>\n<\/div>\n<\/div>\n<\/div>\n<\/div>\n<\/div>","protected":false},"excerpt":{"rendered":"<p>Bioativador de defesas contra doen\u00e7as f\u00fangicas.<br \/>\nAuxiliar vegetal contendo 1.0 \u00d7 10<sup>9<\/sup> CFU\/ml de microrganismos vivos (<em>Bacillus Subtilis<\/em>) para melhorar o rendimento das culturas, a sa\u00fade das plantas e a resist\u00eancia a condi\u00e7\u00f5es ambientais adversas. Aumenta o rendimento das culturas, estimula o crescimento e desenvolvimento das plantas, aumenta a resist\u00eancia das plantas a condi\u00e7\u00f5es ambientais adversas. Melhora a qualidade dos produtos vegetais e acelera o tempo de amadurecimento\/matura\u00e7\u00e3o das plantas.<\/p>","protected":false},"featured_media":38202,"template":"","meta":{"_monsterinsights_skip_tracking":false,"_monsterinsights_sitenote_active":false,"_monsterinsights_sitenote_note":"","_monsterinsights_sitenote_category":0},"product_brand":[],"product_cat":[385,408],"product_tag":[],"class_list":{"0":"post-38199","1":"product","2":"type-product","3":"status-publish","4":"has-post-thumbnail","6":"product_cat-bioprotetores-organicos","7":"product_cat-inovabio","9":"first","10":"instock","11":"taxable","12":"shipping-taxable","13":"purchasable","14":"product-type-variable"},"yoast_head":"<!-- This site is optimized with the Yoast SEO plugin v27.4 - https:\/\/yoast.com\/product\/yoast-seo-wordpress\/ -->\n<title>Fitobact\u00ae - Jovagro<\/title>\n<meta name=\"robots\" content=\"index, follow, max-snippet:-1, max-image-preview:large, max-video-preview:-1\" \/>\n<link rel=\"canonical\" href=\"https:\/\/www.manonunes.pt\/shop\/inovabio\/bioprotetores-organicos\/fitobact\/\" \/>\n<meta property=\"og:locale\" content=\"en_GB\" \/>\n<meta property=\"og:type\" content=\"article\" \/>\n<meta property=\"og:title\" content=\"Fitobact\u00ae - Jovagro\" \/>\n<meta property=\"og:description\" content=\"Bioativador de defesas contra doen\u00e7as f\u00fangicas. Auxiliar vegetal contendo 1.0 \u00d7 109 CFU\/ml de microrganismos vivos (Bacillus Subtilis) para melhorar o rendimento das culturas, a sa\u00fade das plantas e a resist\u00eancia a condi\u00e7\u00f5es ambientais adversas. Aumenta o rendimento das culturas, estimula o crescimento e desenvolvimento das plantas, aumenta a resist\u00eancia das plantas a condi\u00e7\u00f5es ambientais adversas. Melhora a qualidade dos produtos vegetais e acelera o tempo de amadurecimento\/matura\u00e7\u00e3o das plantas.\" \/>\n<meta property=\"og:url\" content=\"https:\/\/www.manonunes.pt\/shop\/inovabio\/bioprotetores-organicos\/fitobact\/\" \/>\n<meta property=\"og:site_name\" content=\"Jovagro\" \/>\n<meta property=\"article:publisher\" content=\"https:\/\/www.facebook.com\/Jovagro\/\" \/>\n<meta property=\"article:modified_time\" content=\"2025-04-07T13:46:59+00:00\" \/>\n<meta property=\"og:image\" content=\"https:\/\/www.manonunes.pt\/wp-content\/uploads\/2025\/04\/Fitobact_produto.png\" \/>\n\t<meta property=\"og:image:width\" content=\"626\" \/>\n\t<meta property=\"og:image:height\" content=\"626\" \/>\n\t<meta property=\"og:image:type\" content=\"image\/png\" \/>\n<meta name=\"twitter:card\" content=\"summary_large_image\" \/>\n<meta name=\"twitter:label1\" content=\"Estimated reading time\" \/>\n\t<meta name=\"twitter:data1\" content=\"1 minute\" \/>\n<script type=\"application\/ld+json\" class=\"yoast-schema-graph\">{\"@context\":\"https:\\\/\\\/schema.org\",\"@graph\":[{\"@type\":\"WebPage\",\"@id\":\"https:\\\/\\\/www.manonunes.pt\\\/shop\\\/inovabio\\\/bioprotetores-organicos\\\/fitobact\\\/\",\"url\":\"https:\\\/\\\/www.manonunes.pt\\\/shop\\\/inovabio\\\/bioprotetores-organicos\\\/fitobact\\\/\",\"name\":\"Fitobact\u00ae - Jovagro\",\"isPartOf\":{\"@id\":\"https:\\\/\\\/www.jovagro.pt\\\/#website\"},\"primaryImageOfPage\":{\"@id\":\"https:\\\/\\\/www.manonunes.pt\\\/shop\\\/inovabio\\\/bioprotetores-organicos\\\/fitobact\\\/#primaryimage\"},\"image\":{\"@id\":\"https:\\\/\\\/www.manonunes.pt\\\/shop\\\/inovabio\\\/bioprotetores-organicos\\\/fitobact\\\/#primaryimage\"},\"thumbnailUrl\":\"https:\\\/\\\/jovagro.pt\\\/wp-content\\\/uploads\\\/2025\\\/04\\\/Fitobact_produto.png\",\"datePublished\":\"2025-04-03T11:05:21+00:00\",\"dateModified\":\"2025-04-07T13:46:59+00:00\",\"breadcrumb\":{\"@id\":\"https:\\\/\\\/www.manonunes.pt\\\/shop\\\/inovabio\\\/bioprotetores-organicos\\\/fitobact\\\/#breadcrumb\"},\"inLanguage\":\"en-GB\",\"potentialAction\":[{\"@type\":\"ReadAction\",\"target\":[\"https:\\\/\\\/www.manonunes.pt\\\/shop\\\/inovabio\\\/bioprotetores-organicos\\\/fitobact\\\/\"]}]},{\"@type\":\"ImageObject\",\"inLanguage\":\"en-GB\",\"@id\":\"https:\\\/\\\/www.manonunes.pt\\\/shop\\\/inovabio\\\/bioprotetores-organicos\\\/fitobact\\\/#primaryimage\",\"url\":\"https:\\\/\\\/jovagro.pt\\\/wp-content\\\/uploads\\\/2025\\\/04\\\/Fitobact_produto.png\",\"contentUrl\":\"https:\\\/\\\/jovagro.pt\\\/wp-content\\\/uploads\\\/2025\\\/04\\\/Fitobact_produto.png\",\"width\":626,\"height\":626},{\"@type\":\"BreadcrumbList\",\"@id\":\"https:\\\/\\\/www.manonunes.pt\\\/shop\\\/inovabio\\\/bioprotetores-organicos\\\/fitobact\\\/#breadcrumb\",\"itemListElement\":[{\"@type\":\"ListItem\",\"position\":1,\"name\":\"Home\",\"item\":\"https:\\\/\\\/www.jovagro.pt\\\/\"},{\"@type\":\"ListItem\",\"position\":2,\"name\":\"Loja\",\"item\":\"https:\\\/\\\/www.jovagro.pt\\\/loja\\\/\"},{\"@type\":\"ListItem\",\"position\":3,\"name\":\"Fitobact\u00ae\"}]},{\"@type\":\"WebSite\",\"@id\":\"https:\\\/\\\/www.jovagro.pt\\\/#website\",\"url\":\"https:\\\/\\\/www.jovagro.pt\\\/\",\"name\":\"Jovagro\",\"description\":\"Sempre com a Natureza\",\"publisher\":{\"@id\":\"https:\\\/\\\/www.jovagro.pt\\\/#organization\"},\"potentialAction\":[{\"@type\":\"SearchAction\",\"target\":{\"@type\":\"EntryPoint\",\"urlTemplate\":\"https:\\\/\\\/www.jovagro.pt\\\/?s={search_term_string}\"},\"query-input\":{\"@type\":\"PropertyValueSpecification\",\"valueRequired\":true,\"valueName\":\"search_term_string\"}}],\"inLanguage\":\"en-GB\"},{\"@type\":\"Organization\",\"@id\":\"https:\\\/\\\/www.jovagro.pt\\\/#organization\",\"name\":\"Jovagro\",\"url\":\"https:\\\/\\\/www.jovagro.pt\\\/\",\"logo\":{\"@type\":\"ImageObject\",\"inLanguage\":\"en-GB\",\"@id\":\"https:\\\/\\\/www.jovagro.pt\\\/#\\\/schema\\\/logo\\\/image\\\/\",\"url\":\"https:\\\/\\\/jovagro.pt\\\/wp-content\\\/uploads\\\/2019\\\/12\\\/7-01-01-scaled.jpg\",\"contentUrl\":\"https:\\\/\\\/jovagro.pt\\\/wp-content\\\/uploads\\\/2019\\\/12\\\/7-01-01-scaled.jpg\",\"width\":2560,\"height\":893,\"caption\":\"Jovagro\"},\"image\":{\"@id\":\"https:\\\/\\\/www.jovagro.pt\\\/#\\\/schema\\\/logo\\\/image\\\/\"},\"sameAs\":[\"https:\\\/\\\/www.facebook.com\\\/Jovagro\\\/\"]}]}<\/script>\n<!-- \/ Yoast SEO plugin. -->","yoast_head_json":{"title":"Fitobact\u00ae - Jovagro","robots":{"index":"index","follow":"follow","max-snippet":"max-snippet:-1","max-image-preview":"max-image-preview:large","max-video-preview":"max-video-preview:-1"},"canonical":"https:\/\/www.manonunes.pt\/shop\/inovabio\/bioprotetores-organicos\/fitobact\/","og_locale":"en_GB","og_type":"article","og_title":"Fitobact\u00ae - Jovagro","og_description":"Bioativador de defesas contra doen\u00e7as f\u00fangicas. Auxiliar vegetal contendo 1.0 \u00d7 109 CFU\/ml de microrganismos vivos (Bacillus Subtilis) para melhorar o rendimento das culturas, a sa\u00fade das plantas e a resist\u00eancia a condi\u00e7\u00f5es ambientais adversas. Aumenta o rendimento das culturas, estimula o crescimento e desenvolvimento das plantas, aumenta a resist\u00eancia das plantas a condi\u00e7\u00f5es ambientais adversas. Melhora a qualidade dos produtos vegetais e acelera o tempo de amadurecimento\/matura\u00e7\u00e3o das plantas.","og_url":"https:\/\/www.manonunes.pt\/shop\/inovabio\/bioprotetores-organicos\/fitobact\/","og_site_name":"Jovagro","article_publisher":"https:\/\/www.facebook.com\/Jovagro\/","article_modified_time":"2025-04-07T13:46:59+00:00","og_image":[{"width":626,"height":626,"url":"https:\/\/www.manonunes.pt\/wp-content\/uploads\/2025\/04\/Fitobact_produto.png","type":"image\/png"}],"twitter_card":"summary_large_image","twitter_misc":{"Estimated reading time":"1 minute"},"schema":{"@context":"https:\/\/schema.org","@graph":[{"@type":"WebPage","@id":"https:\/\/www.manonunes.pt\/shop\/inovabio\/bioprotetores-organicos\/fitobact\/","url":"https:\/\/www.manonunes.pt\/shop\/inovabio\/bioprotetores-organicos\/fitobact\/","name":"Fitobact\u00ae - Jovagro","isPartOf":{"@id":"https:\/\/www.jovagro.pt\/#website"},"primaryImageOfPage":{"@id":"https:\/\/www.manonunes.pt\/shop\/inovabio\/bioprotetores-organicos\/fitobact\/#primaryimage"},"image":{"@id":"https:\/\/www.manonunes.pt\/shop\/inovabio\/bioprotetores-organicos\/fitobact\/#primaryimage"},"thumbnailUrl":"https:\/\/jovagro.pt\/wp-content\/uploads\/2025\/04\/Fitobact_produto.png","datePublished":"2025-04-03T11:05:21+00:00","dateModified":"2025-04-07T13:46:59+00:00","breadcrumb":{"@id":"https:\/\/www.manonunes.pt\/shop\/inovabio\/bioprotetores-organicos\/fitobact\/#breadcrumb"},"inLanguage":"en-GB","potentialAction":[{"@type":"ReadAction","target":["https:\/\/www.manonunes.pt\/shop\/inovabio\/bioprotetores-organicos\/fitobact\/"]}]},{"@type":"ImageObject","inLanguage":"en-GB","@id":"https:\/\/www.manonunes.pt\/shop\/inovabio\/bioprotetores-organicos\/fitobact\/#primaryimage","url":"https:\/\/jovagro.pt\/wp-content\/uploads\/2025\/04\/Fitobact_produto.png","contentUrl":"https:\/\/jovagro.pt\/wp-content\/uploads\/2025\/04\/Fitobact_produto.png","width":626,"height":626},{"@type":"BreadcrumbList","@id":"https:\/\/www.manonunes.pt\/shop\/inovabio\/bioprotetores-organicos\/fitobact\/#breadcrumb","itemListElement":[{"@type":"ListItem","position":1,"name":"Home","item":"https:\/\/www.jovagro.pt\/"},{"@type":"ListItem","position":2,"name":"Loja","item":"https:\/\/www.jovagro.pt\/loja\/"},{"@type":"ListItem","position":3,"name":"Fitobact\u00ae"}]},{"@type":"WebSite","@id":"https:\/\/www.jovagro.pt\/#website","url":"https:\/\/www.jovagro.pt\/","name":"Jovagro","description":"Sempre com a Natureza","publisher":{"@id":"https:\/\/www.jovagro.pt\/#organization"},"potentialAction":[{"@type":"SearchAction","target":{"@type":"EntryPoint","urlTemplate":"https:\/\/www.jovagro.pt\/?s={search_term_string}"},"query-input":{"@type":"PropertyValueSpecification","valueRequired":true,"valueName":"search_term_string"}}],"inLanguage":"en-GB"},{"@type":"Organization","@id":"https:\/\/www.jovagro.pt\/#organization","name":"Jovagro","url":"https:\/\/www.jovagro.pt\/","logo":{"@type":"ImageObject","inLanguage":"en-GB","@id":"https:\/\/www.jovagro.pt\/#\/schema\/logo\/image\/","url":"https:\/\/jovagro.pt\/wp-content\/uploads\/2019\/12\/7-01-01-scaled.jpg","contentUrl":"https:\/\/jovagro.pt\/wp-content\/uploads\/2019\/12\/7-01-01-scaled.jpg","width":2560,"height":893,"caption":"Jovagro"},"image":{"@id":"https:\/\/www.jovagro.pt\/#\/schema\/logo\/image\/"},"sameAs":["https:\/\/www.facebook.com\/Jovagro\/"]}]}},"_links":{"self":[{"href":"https:\/\/jovagro.pt\/en\/wp-json\/wp\/v2\/product\/38199","targetHints":{"allow":["GET"]}}],"collection":[{"href":"https:\/\/jovagro.pt\/en\/wp-json\/wp\/v2\/product"}],"about":[{"href":"https:\/\/jovagro.pt\/en\/wp-json\/wp\/v2\/types\/product"}],"wp:featuredmedia":[{"embeddable":true,"href":"https:\/\/jovagro.pt\/en\/wp-json\/wp\/v2\/media\/38202"}],"wp:attachment":[{"href":"https:\/\/jovagro.pt\/en\/wp-json\/wp\/v2\/media?parent=38199"}],"wp:term":[{"taxonomy":"product_brand","embeddable":true,"href":"https:\/\/jovagro.pt\/en\/wp-json\/wp\/v2\/product_brand?post=38199"},{"taxonomy":"product_cat","embeddable":true,"href":"https:\/\/jovagro.pt\/en\/wp-json\/wp\/v2\/product_cat?post=38199"},{"taxonomy":"product_tag","embeddable":true,"href":"https:\/\/jovagro.pt\/en\/wp-json\/wp\/v2\/product_tag?post=38199"}],"curies":[{"name":"wp","href":"https:\/\/api.w.org\/{rel}","templated":true}]}}